{"id":7,"date":"2015-10-07T11:38:54","date_gmt":"2015-10-07T09:38:54","guid":{"rendered":"http:\/\/www.mcidraulik.it\/?page_id=7"},"modified":"2021-09-22T12:21:26","modified_gmt":"2021-09-22T10:21:26","slug":"home","status":"publish","type":"page","link":"https:\/\/www.mcidraulik.it\/fr\/","title":{"rendered":"Home"},"content":{"rendered":"<p><div class=\"fusion-two-third fusion-layout-column fusion-spacing-yes\" style=\"margin-top:0px;margin-bottom:20px;\"><div class=\"fusion-column-wrapper\">\n<div class=\"fusion-title title\"><h1 class=\"title-heading-left\"><span lang=\"it\">R\u00e9paration de machines de moulage sous pression<\/span><\/h1><div class=\"title-sep-container\"><div class=\"title-sep sep-single sep-solid\"><\/div><\/div><\/div><p>N\u00e9s de vingt ans d&rsquo;exp\u00e9rience dans le secteur du moulage sous pression, nous pouvons garantir la parfaite mise en \u0153uvre des r\u00e9visions utilisant des mat\u00e9riaux originaux en toute s\u00e9curit\u00e9 avec les normes europ\u00e9ennes.<\/p>\n<p>La formule de nos avis comprend:<\/p>\n<blockquote>\n<p><strong>&gt; d\u00e9montage<\/strong><br \/>\n&gt; <strong>transport et remontage<\/strong><br \/>\n&gt; <strong>tests<\/strong> dans nos locaux et dans vos locaux avec garantie sur les pi\u00e8ces r\u00e9vis\u00e9es.<\/p>\n<\/blockquote>\n<h2>&gt; R\u00e9alisation \/ production de panneaux \u00e9lectriques &#8211; vid\u00e9o &#8211; PC industriels et logiciels de derni\u00e8re g\u00e9n\u00e9ration.<\/h2>\n<h2>&gt; Disponible pour acheter et \/ ou collecter des machines de moulage sous pression d&rsquo;occasion<\/h2>\n<table width=\"100%\">\n<tbody>\n<tr>\n<td><\/td>\n<td><\/td>\n<td><\/td>\n<\/tr>\n<\/tbody>\n<\/table>\n<div class=\"fusion-title title\"><h1 class=\"title-heading-left\"><\/h1><div class=\"title-sep-container\"><div class=\"title-sep sep-single sep-solid\"><\/div><\/div><\/div>\n<p><a href=\"http:\/\/www.albertinimachine.com\/\" target=\"_blank\" rel=\"noopener noreferrer\"><img loading=\"lazy\" decoding=\"async\" class=\"wp-image-479\" src=\"http:\/\/www.mcidraulik.it\/wp-content\/uploads\/2015\/10\/Logo-orizzontale-con-payoff-e1516096222559-300x81.png\" alt=\"Azienda del Gruppo Albertini Machine\" width=\"400\" height=\"108\" \/><\/a><\/p>\n<p>Production \/ production de panneaux \u00e9lectriques &#8211; Vid\u00e9o &#8211; PC industriels et logiciels de derni\u00e8re g\u00e9n\u00e9ration.<\/p>\n<p>ALBERTINI MACHINE S.r.l.<\/p>\n<p>Mc Idraulik fait partie du groupe Albertini Machine Srl depuis 2018.<br \/>\n<\/div><\/div>\n<div class=\"fusion-one-third one_third fusion-layout-column fusion-column-last fusion-spacing-yes\" style=\"margin-top:0px;margin-bottom:20px;\"><div class=\"fusion-column-wrapper\">\n<div class=\"fusion-title title\"><h2 class=\"title-heading-left\">\nTransport partner<\/h2><div class=\"title-sep-container\"><div class=\"title-sep sep-single sep-solid\"><\/div><\/div><\/div>\nNous sommes certifi\u00e9s pour le transport mondial.<\/p>\n<p>Assistance en transport, logistique et d\u00e9douanement dans le monde entier.<br \/>\n<\/div><\/div><div class=\"fusion-clearfix\"><\/div>\n<\/p>","protected":false},"excerpt":{"rendered":"","protected":false},"author":1,"featured_media":0,"parent":0,"menu_order":0,"comment_status":"closed","ping_status":"closed","template":"","meta":{"footnotes":""},"class_list":["post-7","page","type-page","status-publish","hentry"],"_links":{"self":[{"href":"https:\/\/www.mcidraulik.it\/fr\/wp-json\/wp\/v2\/pages\/7","targetHints":{"allow":["GET"]}}],"collection":[{"href":"https:\/\/www.mcidraulik.it\/fr\/wp-json\/wp\/v2\/pages"}],"about":[{"href":"https:\/\/www.mcidraulik.it\/fr\/wp-json\/wp\/v2\/types\/page"}],"author":[{"embeddable":true,"href":"https:\/\/www.mcidraulik.it\/fr\/wp-json\/wp\/v2\/users\/1"}],"replies":[{"embeddable":true,"href":"https:\/\/www.mcidraulik.it\/fr\/wp-json\/wp\/v2\/comments?post=7"}],"version-history":[{"count":176,"href":"https:\/\/www.mcidraulik.it\/fr\/wp-json\/wp\/v2\/pages\/7\/revisions"}],"predecessor-version":[{"id":627,"href":"https:\/\/www.mcidraulik.it\/fr\/wp-json\/wp\/v2\/pages\/7\/revisions\/627"}],"wp:attachment":[{"href":"https:\/\/www.mcidraulik.it\/fr\/wp-json\/wp\/v2\/media?parent=7"}],"curies":[{"name":"wp","href":"https:\/\/api.w.org\/{rel}","templated":true}]}}